{"id":8,"date":"2020-12-05T07:42:54","date_gmt":"2020-12-05T07:42:54","guid":{"rendered":"http:\/\/jyllingeskatepark.dk\/?page_id=8"},"modified":"2023-03-04T17:51:38","modified_gmt":"2023-03-04T17:51:38","slug":"foreningen","status":"publish","type":"page","link":"https:\/\/jyllingeskatepark.dk\/","title":{"rendered":"Vores vision"},"content":{"rendered":"\n<figure class=\"wp-block-pullquote alignwide has-text-align-center\"><blockquote><p><br><strong>Vores vision: <\/strong><br>Jyllinge Skatepark skal danne den fysiske ramme for den aktive og sociale aktivitet som skating er. <br>Det skal v\u00e6re stedet hvor flere generationer kan samles om skating, leve og l\u00e6re.<br>Skating er en aktivitet hvor de unge p\u00e5 tv\u00e6rs af alder og teknisk niveau kan inspirere og l\u00e6re af hinanden. <br>Uanset om du k\u00f8rer skateboard, l\u00f8behjul eller rullesk\u00f8jter.<br><br>Skating er samv\u00e6r og respekt for hinanden.<\/p><\/blockquote><\/figure>\n\n\n\n<p><\/p>\n\n\n\n<p>Foreningen blev dannet den 24. november 2020.<\/p>\n\n\n\n<p>Foreningens form\u00e5l er etablering og drift af en fuldt etableret skaterpark.<\/p>\n\n\n\n<p>Foreningens formand og skaber er Vagn Petersen og udsprang af et \u00f8nske fra hans barnebarn. Kort efter viste \u00f8nsket og behovet sig dog at v\u00e6re langt st\u00f8rre i Jyllinge end blot Vagns barnebarn.<\/p>\n\n\n\n<p>Alle i foreningen er lokale i Jyllinge og flere af disse skater ogs\u00e5 sammen med deres egne b\u00f8rn.<\/p>\n\n\n\n<p><strong>En investering i byens b\u00f8rn og unge<\/strong><br>B\u00f8rn og unge i Jyllinge har l\u00e6nge haft et stort \u00f8nske. Et \u00f8nske om et sted at samles. Et \u00f8nske om et sted, hvor de kan v\u00e6re aktive uden om foreningsliv.<br>Et \u00f8nske om et f\u00e6llesskab p\u00e5 tv\u00e6rs af generationer. Et sted hvor de kan l\u00e6re en aktivitet og sport, der vinder mere og mere frem. <\/p>\n\n\n\n<p>For at dette kan lykkes, er vi for\u00e6ldre og voksne i Jyllinge g\u00e5et sammen og dannet foreningen Jyllinge Skatepark.<br>Vi har afholdt en inspirerende workshop med de unge for at komme ind til kernen af de unges \u00f8nsker for s\u00e5vel indretning, som sociale aspekter.<\/p>\n\n\n\n<p><strong>Vores vision: <\/strong>Jyllinge Skatepark skal danne den fysiske ramme for den aktive og sociale aktivitet som skating er. Det skal v\u00e6re stedet hvor flere generationer kan samles om skating, leve og l\u00e6re.<\/p>\n\n\n\n<p>Skating er en aktivitet hvor de unge p\u00e5 tv\u00e6rs af alder og teknisk niveau kan inspirere og l\u00e6re af hinanden. Uanset om du k\u00f8rer skateboard, l\u00f8behjul eller rullesk\u00f8jter.<\/p>\n\n\n\n<p>Skating er samv\u00e6r og respekt for hinanden.<\/p>\n","protected":false},"excerpt":{"rendered":"<p>Vores vision: Jyllinge Skatepark skal danne den fysiske ramme for den aktive og sociale aktivitet som skating er. Det skal v\u00e6re stedet hvor flere generationer kan samles om skating, leve og l\u00e6re.Skating er en aktivitet hvor de unge p\u00e5 tv\u00e6rs af alder og teknisk niveau kan inspirere og l\u00e6re af hinanden. Uanset om du k\u00f8rer [&hellip;]<\/p>\n","protected":false},"author":1,"featured_media":0,"parent":0,"menu_order":0,"comment_status":"closed","ping_status":"closed","template":"","meta":[],"_links":{"self":[{"href":"https:\/\/jyllingeskatepark.dk\/index.php\/wp-json\/wp\/v2\/pages\/8"}],"collection":[{"href":"https:\/\/jyllingeskatepark.dk\/index.php\/wp-json\/wp\/v2\/pages"}],"about":[{"href":"https:\/\/jyllingeskatepark.dk\/index.php\/wp-json\/wp\/v2\/types\/page"}],"author":[{"embeddable":true,"href":"https:\/\/jyllingeskatepark.dk\/index.php\/wp-json\/wp\/v2\/users\/1"}],"replies":[{"embeddable":true,"href":"https:\/\/jyllingeskatepark.dk\/index.php\/wp-json\/wp\/v2\/comments?post=8"}],"version-history":[{"count":44,"href":"https:\/\/jyllingeskatepark.dk\/index.php\/wp-json\/wp\/v2\/pages\/8\/revisions"}],"predecessor-version":[{"id":264,"href":"https:\/\/jyllingeskatepark.dk\/index.php\/wp-json\/wp\/v2\/pages\/8\/revisions\/264"}],"wp:attachment":[{"href":"https:\/\/jyllingeskatepark.dk\/index.php\/wp-json\/wp\/v2\/media?parent=8"}],"curies":[{"name":"wp","href":"https:\/\/api.w.org\/{rel}","templated":true}]}}